{"id":138,"date":"2019-04-30T11:06:58","date_gmt":"2019-04-30T16:06:58","guid":{"rendered":"https:\/\/abogadosenmorelos.com\/morelos\/?page_id=138"},"modified":"2022-04-19T13:53:09","modified_gmt":"2022-04-19T18:53:09","slug":"servicios","status":"publish","type":"page","link":"https:\/\/abogadosenmorelos.com\/morelos\/servicios\/","title":{"rendered":"Servicios"},"content":{"rendered":"\n<figure class=\"wp-block-image\"><img loading=\"lazy\" width=\"1024\" height=\"350\" src=\"https:\/\/abogadosenmorelos.com\/morelos\/wp-content\/uploads\/2019\/04\/encabezados-nosotros-1024x350.jpg\" alt=\"\" class=\"wp-image-166\" srcset=\"https:\/\/abogadosenmorelos.com\/morelos\/wp-content\/uploads\/2019\/04\/encabezados-nosotros-1024x350.jpg 1024w, https:\/\/abogadosenmorelos.com\/morelos\/wp-content\/uploads\/2019\/04\/encabezados-nosotros-300x103.jpg 300w, https:\/\/abogadosenmorelos.com\/morelos\/wp-content\/uploads\/2019\/04\/encabezados-nosotros-768x263.jpg 768w, https:\/\/abogadosenmorelos.com\/morelos\/wp-content\/uploads\/2019\/04\/encabezados-nosotros.jpg 1170w\" sizes=\"(max-width: 1024px) 100vw, 1024px\" \/><\/figure>\n\n\n\n<p>Cimentados en esta concepci\u00f3n, estamos capacitados con conocimiento,  an\u00e1lisis y aplicaci\u00f3n de los m\u00e9todos legales: Somos especialistas con  \u00e1nimos de impulsar el derecho del futuro promoviendo la justicia de los  ciudadadanos defendiendo sus derechos, las condiciones humanas y, sobre  todo, el bien com\u00fan en el \u00e1mbito particular.  <\/p>\n\n\n\n<p class=\"has-text-align-center\"><strong>Especialistas en derecho.<\/strong><\/p>\n\n\n\n<p class=\"has-text-align-center\"><strong>LABORAL | PENAL | CIVIL Y FAMILIAR | MERCANTIL | ADMINISTRATIVO | AMPAROS<\/strong><\/p>\n","protected":false},"excerpt":{"rendered":"<p>Cimentados en esta concepci\u00f3n, estamos capacitados con conocimiento, an\u00e1lisis y aplicaci\u00f3n de los m\u00e9todos legales: Somos especialistas con \u00e1nimos de impulsar el derecho del futuro promoviendo la justicia de los ciudadadanos defendiendo sus derechos, las condiciones humanas y, sobre todo, &hellip; <a href=\"https:\/\/abogadosenmorelos.com\/morelos\/servicios\/\">Leer m\u00e1s<\/a><\/p>\n","protected":false},"author":1,"featured_media":144,"parent":0,"menu_order":0,"comment_status":"closed","ping_status":"closed","template":"","meta":{"kt_blocks_editor_width":""},"_links":{"self":[{"href":"https:\/\/abogadosenmorelos.com\/morelos\/wp-json\/wp\/v2\/pages\/138"}],"collection":[{"href":"https:\/\/abogadosenmorelos.com\/morelos\/wp-json\/wp\/v2\/pages"}],"about":[{"href":"https:\/\/abogadosenmorelos.com\/morelos\/wp-json\/wp\/v2\/types\/page"}],"author":[{"embeddable":true,"href":"https:\/\/abogadosenmorelos.com\/morelos\/wp-json\/wp\/v2\/users\/1"}],"replies":[{"embeddable":true,"href":"https:\/\/abogadosenmorelos.com\/morelos\/wp-json\/wp\/v2\/comments?post=138"}],"version-history":[{"count":8,"href":"https:\/\/abogadosenmorelos.com\/morelos\/wp-json\/wp\/v2\/pages\/138\/revisions"}],"predecessor-version":[{"id":241,"href":"https:\/\/abogadosenmorelos.com\/morelos\/wp-json\/wp\/v2\/pages\/138\/revisions\/241"}],"wp:featuredmedia":[{"embeddable":true,"href":"https:\/\/abogadosenmorelos.com\/morelos\/wp-json\/wp\/v2\/media\/144"}],"wp:attachment":[{"href":"https:\/\/abogadosenmorelos.com\/morelos\/wp-json\/wp\/v2\/media?parent=138"}],"curies":[{"name":"wp","href":"https:\/\/api.w.org\/{rel}","templated":true}]}}