{"id":5,"date":"2018-10-03T19:05:51","date_gmt":"2018-10-04T00:05:51","guid":{"rendered":"https:\/\/abogadosenmorelos.com\/morelos\/?page_id=5"},"modified":"2019-04-30T17:10:05","modified_gmt":"2019-04-30T22:10:05","slug":"abogados-en-morelos","status":"publish","type":"page","link":"https:\/\/abogadosenmorelos.com\/morelos\/","title":{"rendered":"Abogados en Morelos"},"content":{"rendered":"<p><span style=\"color: #ffffff;\">..<\/span><\/p>\n<p>Firma de Asesor\u00eda Jur\u00eddica <strong>fundada en 1993<\/strong> en Jojutla, Morelos, M\u00e9xico.<\/p>\n<p>La intenci\u00f3n principal es ofrecer <strong>asesor\u00eda jur\u00eddica a particulares<\/strong>, personas f\u00edsicas o morales, <strong>proponiendo<\/strong> resolver conflictos y fomentar conjuntamente <strong>la nueva cultura del abogado como asesor y consultor<\/strong> <strong>que evita y previene<\/strong> en contraposici\u00f3n a los abogados que solo litigan.<\/p>\n<p><strong>Nuestra actividad preventiva nace de la necesidad de nuestros clientes<\/strong> de poder enfrentar un conflicto con elementos firmes de defensa, en raz\u00f3n de que han sido sujetos de arbitrariedades a falta de informaci\u00f3n de la conducta legal que deben seguir frente a los peligros generados en desempe\u00f1o de su actividad, ya sea trat\u00e1ndose de empresas o particulares caus\u00e1ndoles incertidumbre y desconfianza en la administraci\u00f3n de justicia, <strong>ofreci\u00e9ndo esta firma La Asesor\u00eda Provisoria<\/strong> en correspondencia al panorama que genera cada uno de nuestros clientes.<\/p>\n","protected":false},"excerpt":{"rendered":"<p>.. Firma de Asesor\u00eda Jur\u00eddica fundada en 1993 en Jojutla, Morelos, M\u00e9xico. La intenci\u00f3n principal es ofrecer asesor\u00eda jur\u00eddica a particulares, personas f\u00edsicas o morales, proponiendo resolver conflictos y fomentar conjuntamente la nueva cultura del abogado como asesor y consultor &hellip; <a href=\"https:\/\/abogadosenmorelos.com\/morelos\/\">Leer m\u00e1s<\/a><\/p>\n","protected":false},"author":1,"featured_media":0,"parent":0,"menu_order":0,"comment_status":"closed","ping_status":"closed","template":"","meta":{"kt_blocks_editor_width":""},"_links":{"self":[{"href":"https:\/\/abogadosenmorelos.com\/morelos\/wp-json\/wp\/v2\/pages\/5"}],"collection":[{"href":"https:\/\/abogadosenmorelos.com\/morelos\/wp-json\/wp\/v2\/pages"}],"about":[{"href":"https:\/\/abogadosenmorelos.com\/morelos\/wp-json\/wp\/v2\/types\/page"}],"author":[{"embeddable":true,"href":"https:\/\/abogadosenmorelos.com\/morelos\/wp-json\/wp\/v2\/users\/1"}],"replies":[{"embeddable":true,"href":"https:\/\/abogadosenmorelos.com\/morelos\/wp-json\/wp\/v2\/comments?post=5"}],"version-history":[{"count":35,"href":"https:\/\/abogadosenmorelos.com\/morelos\/wp-json\/wp\/v2\/pages\/5\/revisions"}],"predecessor-version":[{"id":181,"href":"https:\/\/abogadosenmorelos.com\/morelos\/wp-json\/wp\/v2\/pages\/5\/revisions\/181"}],"wp:attachment":[{"href":"https:\/\/abogadosenmorelos.com\/morelos\/wp-json\/wp\/v2\/media?parent=5"}],"curies":[{"name":"wp","href":"https:\/\/api.w.org\/{rel}","templated":true}]}}