{"id":7,"date":"2018-10-03T19:11:26","date_gmt":"2018-10-04T00:11:26","guid":{"rendered":"https:\/\/abogadosenmorelos.com\/morelos\/?page_id=7"},"modified":"2018-10-03T19:12:15","modified_gmt":"2018-10-04T00:12:15","slug":"politica-de-privacidad","status":"publish","type":"page","link":"https:\/\/abogadosenmorelos.com\/morelos\/politica-de-privacidad\/","title":{"rendered":"Pol\u00edtica de Privacidad"},"content":{"rendered":"<h4>Pol\u00edtica de Privacidad.<\/h4>\n<p><b>De acuerdo a\u00a0<\/b>la Ley Federal de Protecci\u00f3n de Datos Personales en Posesi\u00f3n de Particulares<b>\u00a0le informamos, que<\/b>\u00a0la informaci\u00f3n que proporcione ser\u00e1 utilizada para los siguientes fines: establecer comunicaci\u00f3n de dos v\u00edas para mantener contacto acerca de productos y servicios solicitados, notificaciones de alta o suspensi\u00f3n de servicios, mejoras y para evaluar la calidad del servicio que ofrecemos, en general, se utilizar\u00e1 para dar cumplimiento a las obligaciones que hemos contra\u00eddo con usted. Para dichas finalidades,\u00a0<b>requerimos<\/b>\u00a0los siguientes datos personales:<\/p>\n<p><b>Nombre completo y Correo electr\u00f3nico<\/b>.<\/p>\n<p><b>IMPORTANTE<\/b>:\u00a0<b>Tiene derecho al Acceso, Rectificaci\u00f3n y Cancelaci\u00f3n<\/b>\u00a0de sus datos personales, a oponerse al tratamiento de los mismos o a revocar el consentimiento que para dicho fin nos otorg\u00f3. Para ello, es necesario que\u00a0<b>env\u00ede la solicitud en los t\u00e9rminos que marca la Ley<\/b>\u00a0en su Art. 29\u00a0<b>dirigida a abogadosenmorelos.com<\/b>, al telefono (734) 342 55 51 o v\u00eda e-mail a info@abogadosenmorelos.com, el cual solicitamos confirme v\u00eda telef\u00f3nica para garantizar su correcta recepci\u00f3n; mismo caso si<b>\u00a0no desea recibir<\/b>\u00a0mensajes promocionales de nuestra parte.<\/p>\n<p><b>Gracias<\/b>.<\/p>\n","protected":false},"excerpt":{"rendered":"<p>Pol\u00edtica de Privacidad. De acuerdo a\u00a0la Ley Federal de Protecci\u00f3n de Datos Personales en Posesi\u00f3n de Particulares\u00a0le informamos, que\u00a0la informaci\u00f3n que proporcione ser\u00e1 utilizada para los siguientes fines: establecer comunicaci\u00f3n de dos v\u00edas para mantener contacto acerca de productos y &hellip; <a href=\"https:\/\/abogadosenmorelos.com\/morelos\/politica-de-privacidad\/\">Leer m\u00e1s<\/a><\/p>\n","protected":false},"author":1,"featured_media":0,"parent":0,"menu_order":0,"comment_status":"closed","ping_status":"closed","template":"","meta":{"kt_blocks_editor_width":""},"_links":{"self":[{"href":"https:\/\/abogadosenmorelos.com\/morelos\/wp-json\/wp\/v2\/pages\/7"}],"collection":[{"href":"https:\/\/abogadosenmorelos.com\/morelos\/wp-json\/wp\/v2\/pages"}],"about":[{"href":"https:\/\/abogadosenmorelos.com\/morelos\/wp-json\/wp\/v2\/types\/page"}],"author":[{"embeddable":true,"href":"https:\/\/abogadosenmorelos.com\/morelos\/wp-json\/wp\/v2\/users\/1"}],"replies":[{"embeddable":true,"href":"https:\/\/abogadosenmorelos.com\/morelos\/wp-json\/wp\/v2\/comments?post=7"}],"version-history":[{"count":3,"href":"https:\/\/abogadosenmorelos.com\/morelos\/wp-json\/wp\/v2\/pages\/7\/revisions"}],"predecessor-version":[{"id":10,"href":"https:\/\/abogadosenmorelos.com\/morelos\/wp-json\/wp\/v2\/pages\/7\/revisions\/10"}],"wp:attachment":[{"href":"https:\/\/abogadosenmorelos.com\/morelos\/wp-json\/wp\/v2\/media?parent=7"}],"curies":[{"name":"wp","href":"https:\/\/api.w.org\/{rel}","templated":true}]}}